{"id":11222,"date":"2024-10-19T05:39:23","date_gmt":"2024-10-19T05:39:23","guid":{"rendered":"https:\/\/amrutvafinefoods.in\/?page_id=11222"},"modified":"2025-06-02T12:07:50","modified_gmt":"2025-06-02T12:07:50","slug":"blogs","status":"publish","type":"page","link":"https:\/\/amrutvafinefoods.in\/?page_id=11222","title":{"rendered":"Blogs"},"content":{"rendered":"\t\t<div data-elementor-type=\"wp-page\" data-elementor-id=\"11222\" class=\"elementor elementor-11222\" data-elementor-post-type=\"page\">\n\t\t\t\t\t\t<section class=\"elementor-section elementor-top-section elementor-element elementor-element-8ff9966 elementor-section-height-min-height elementor-section-boxed elementor-section-height-default elementor-section-items-middle\" data-id=\"8ff9966\" data-element_type=\"section\" data-settings=\"{&quot;background_background&quot;:&quot;classic&quot;}\">\n\t\t\t\t\t\t<div class=\"elementor-container elementor-column-gap-default\">\n\t\t\t\t\t<div class=\"elementor-column elementor-col-100 elementor-top-column elementor-element elementor-element-ec7b431\" data-id=\"ec7b431\" data-element_type=\"column\">\n\t\t\t<div class=\"elementor-widget-wrap elementor-element-populated\">\n\t\t\t\t\t\t<div class=\"elementor-element elementor-element-30d0a38 elementor-widget elementor-widget-heading\" data-id=\"30d0a38\" data-element_type=\"widget\" data-widget_type=\"heading.default\">\n\t\t\t\t<div class=\"elementor-widget-container\">\n\t\t\t\t\t<h2 class=\"elementor-heading-title elementor-size-default\">Blogs<\/h2>\t\t\t\t<\/div>\n\t\t\t\t<\/div>\n\t\t\t\t\t<\/div>\n\t\t<\/div>\n\t\t\t\t\t<\/div>\n\t\t<\/section>\n\t\t\t\t<section class=\"elementor-section elementor-top-section elementor-element elementor-element-edd9454 elementor-section-boxed elementor-section-height-default elementor-section-height-default\" data-id=\"edd9454\" data-element_type=\"section\">\n\t\t\t\t\t\t<div class=\"elementor-container elementor-column-gap-default\">\n\t\t\t\t\t<div class=\"elementor-column elementor-col-100 elementor-top-column elementor-element elementor-element-fb83955\" data-id=\"fb83955\" data-element_type=\"column\">\n\t\t\t<div class=\"elementor-widget-wrap elementor-element-populated\">\n\t\t\t\t\t\t<div class=\"elementor-element elementor-element-da1d36a elementor-grid-3 elementor-grid-tablet-2 elementor-grid-mobile-1 elementor-posts--thumbnail-top elementor-card-shadow-yes elementor-posts__hover-gradient elementor-widget elementor-widget-posts\" data-id=\"da1d36a\" data-element_type=\"widget\" data-settings=\"{&quot;pagination_type&quot;:&quot;load_more_infinite_scroll&quot;,&quot;cards_columns&quot;:&quot;3&quot;,&quot;cards_columns_tablet&quot;:&quot;2&quot;,&quot;cards_columns_mobile&quot;:&quot;1&quot;,&quot;cards_row_gap&quot;:{&quot;unit&quot;:&quot;px&quot;,&quot;size&quot;:35,&quot;sizes&quot;:[]},&quot;cards_row_gap_widescreen&quot;:{&quot;unit&quot;:&quot;px&quot;,&quot;size&quot;:&quot;&quot;,&quot;sizes&quot;:[]},&quot;cards_row_gap_laptop&quot;:{&quot;unit&quot;:&quot;px&quot;,&quot;size&quot;:&quot;&quot;,&quot;sizes&quot;:[]},&quot;cards_row_gap_tablet_extra&quot;:{&quot;unit&quot;:&quot;px&quot;,&quot;size&quot;:&quot;&quot;,&quot;sizes&quot;:[]},&quot;cards_row_gap_tablet&quot;:{&quot;unit&quot;:&quot;px&quot;,&quot;size&quot;:&quot;&quot;,&quot;sizes&quot;:[]},&quot;cards_row_gap_mobile_extra&quot;:{&quot;unit&quot;:&quot;px&quot;,&quot;size&quot;:&quot;&quot;,&quot;sizes&quot;:[]},&quot;cards_row_gap_mobile&quot;:{&quot;unit&quot;:&quot;px&quot;,&quot;size&quot;:&quot;&quot;,&quot;sizes&quot;:[]},&quot;load_more_spinner&quot;:{&quot;value&quot;:&quot;fas fa-spinner&quot;,&quot;library&quot;:&quot;fa-solid&quot;}}\" data-widget_type=\"posts.cards\">\n\t\t\t\t<div class=\"elementor-widget-container\">\n\t\t\t\t\t\t\t<div class=\"elementor-posts-container elementor-posts elementor-posts--skin-cards elementor-grid\">\n\t\t\t\t<article class=\"elementor-post elementor-grid-item post-15196 post type-post status-publish format-standard has-post-thumbnail hentry category-tahini\">\n\t\t\t<div class=\"elementor-post__card\">\n\t\t\t\t<a class=\"elementor-post__thumbnail__link\" href=\"https:\/\/amrutvafinefoods.in\/?p=15196\" tabindex=\"-1\" target=\"_blank\"><div class=\"elementor-post__thumbnail\"><img decoding=\"async\" width=\"300\" height=\"164\" src=\"https:\/\/amrutvafinefoods.in\/wp-content\/uploads\/2025\/11\/The-Ultimate-Guide-To-Amrutvas-Black-Seaame-Paste-300x164.jpg\" class=\"attachment-medium size-medium wp-image-15197\" alt=\"The Ultimate Guide To Amrutva\u00d4\u00c7\u00d6s Black Seaame Paste\" srcset=\"https:\/\/amrutvafinefoods.in\/wp-content\/uploads\/2025\/11\/The-Ultimate-Guide-To-Amrutvas-Black-Seaame-Paste-300x164.jpg 300w, https:\/\/amrutvafinefoods.in\/wp-content\/uploads\/2025\/11\/The-Ultimate-Guide-To-Amrutvas-Black-Seaame-Paste-1024x559.jpg 1024w, https:\/\/amrutvafinefoods.in\/wp-content\/uploads\/2025\/11\/The-Ultimate-Guide-To-Amrutvas-Black-Seaame-Paste-768x419.jpg 768w, https:\/\/amrutvafinefoods.in\/wp-content\/uploads\/2025\/11\/The-Ultimate-Guide-To-Amrutvas-Black-Seaame-Paste-1536x838.jpg 1536w, https:\/\/amrutvafinefoods.in\/wp-content\/uploads\/2025\/11\/The-Ultimate-Guide-To-Amrutvas-Black-Seaame-Paste-600x327.jpg 600w, https:\/\/amrutvafinefoods.in\/wp-content\/uploads\/2025\/11\/The-Ultimate-Guide-To-Amrutvas-Black-Seaame-Paste-64x35.jpg 64w, https:\/\/amrutvafinefoods.in\/wp-content\/uploads\/2025\/11\/The-Ultimate-Guide-To-Amrutvas-Black-Seaame-Paste.jpg 1980w\" sizes=\"(max-width: 300px) 100vw, 300px\" \/><\/div><\/a>\n\t\t\t\t<div class=\"elementor-post__badge\">Tahini<\/div>\n\t\t\t\t<div class=\"elementor-post__text\">\n\t\t\t\t<h3 class=\"elementor-post__title\">\n\t\t\t<a href=\"https:\/\/amrutvafinefoods.in\/?p=15196\" target=&quot;_blank&quot;>\n\t\t\t\tThe Ultimate Guide To Amrutva\u00d4\u00c7\u00d6s Black Seaame Paste\t\t\t<\/a>\n\t\t<\/h3>\n\t\t\t\t\t<div class=\"elementor-post__read-more-wrapper\">\n\t\t\n\t\t<a class=\"elementor-post__read-more\" href=\"https:\/\/amrutvafinefoods.in\/?p=15196\" aria-label=\"Read more about The Ultimate Guide To Amrutva\u00d4\u00c7\u00d6s Black Seaame Paste\" tabindex=\"-1\" target=\"_blank\">\n\t\t\tRead More \u00bb\t\t<\/a>\n\n\t\t\t\t\t<\/div>\n\t\t\t\t<\/div>\n\t\t\t\t\t<\/div>\n\t\t<\/article>\n\t\t\t\t<article class=\"elementor-post elementor-grid-item post-15193 post type-post status-publish format-standard has-post-thumbnail hentry category-health\">\n\t\t\t<div class=\"elementor-post__card\">\n\t\t\t\t<a class=\"elementor-post__thumbnail__link\" href=\"https:\/\/amrutvafinefoods.in\/?p=15193\" tabindex=\"-1\" target=\"_blank\"><div class=\"elementor-post__thumbnail\"><img decoding=\"async\" width=\"300\" height=\"164\" src=\"https:\/\/amrutvafinefoods.in\/wp-content\/uploads\/2025\/11\/Groundnut-Oil-vs-Sesame-Oil-A-Cold-Pressed-Comparison-300x164.jpg\" class=\"attachment-medium size-medium wp-image-15194\" alt=\"Groundnut Oil vs. Sesame Oil: A Cold-Pressed Comparison\" srcset=\"https:\/\/amrutvafinefoods.in\/wp-content\/uploads\/2025\/11\/Groundnut-Oil-vs-Sesame-Oil-A-Cold-Pressed-Comparison-300x164.jpg 300w, https:\/\/amrutvafinefoods.in\/wp-content\/uploads\/2025\/11\/Groundnut-Oil-vs-Sesame-Oil-A-Cold-Pressed-Comparison-1024x559.jpg 1024w, https:\/\/amrutvafinefoods.in\/wp-content\/uploads\/2025\/11\/Groundnut-Oil-vs-Sesame-Oil-A-Cold-Pressed-Comparison-768x419.jpg 768w, https:\/\/amrutvafinefoods.in\/wp-content\/uploads\/2025\/11\/Groundnut-Oil-vs-Sesame-Oil-A-Cold-Pressed-Comparison-1536x838.jpg 1536w, https:\/\/amrutvafinefoods.in\/wp-content\/uploads\/2025\/11\/Groundnut-Oil-vs-Sesame-Oil-A-Cold-Pressed-Comparison-600x327.jpg 600w, https:\/\/amrutvafinefoods.in\/wp-content\/uploads\/2025\/11\/Groundnut-Oil-vs-Sesame-Oil-A-Cold-Pressed-Comparison-64x35.jpg 64w, https:\/\/amrutvafinefoods.in\/wp-content\/uploads\/2025\/11\/Groundnut-Oil-vs-Sesame-Oil-A-Cold-Pressed-Comparison.jpg 1980w\" sizes=\"(max-width: 300px) 100vw, 300px\" \/><\/div><\/a>\n\t\t\t\t<div class=\"elementor-post__badge\">Health<\/div>\n\t\t\t\t<div class=\"elementor-post__text\">\n\t\t\t\t<h3 class=\"elementor-post__title\">\n\t\t\t<a href=\"https:\/\/amrutvafinefoods.in\/?p=15193\" target=&quot;_blank&quot;>\n\t\t\t\tGroundnut Oil vs. Sesame Oil: A Cold-Pressed Comparison\t\t\t<\/a>\n\t\t<\/h3>\n\t\t\t\t\t<div class=\"elementor-post__read-more-wrapper\">\n\t\t\n\t\t<a class=\"elementor-post__read-more\" href=\"https:\/\/amrutvafinefoods.in\/?p=15193\" aria-label=\"Read more about Groundnut Oil vs. Sesame Oil: A Cold-Pressed Comparison\" tabindex=\"-1\" target=\"_blank\">\n\t\t\tRead More \u00bb\t\t<\/a>\n\n\t\t\t\t\t<\/div>\n\t\t\t\t<\/div>\n\t\t\t\t\t<\/div>\n\t\t<\/article>\n\t\t\t\t<article class=\"elementor-post elementor-grid-item post-15190 post type-post status-publish format-standard has-post-thumbnail hentry category-health\">\n\t\t\t<div class=\"elementor-post__card\">\n\t\t\t\t<a class=\"elementor-post__thumbnail__link\" href=\"https:\/\/amrutvafinefoods.in\/?p=15190\" tabindex=\"-1\" target=\"_blank\"><div class=\"elementor-post__thumbnail\"><img decoding=\"async\" width=\"300\" height=\"164\" src=\"https:\/\/amrutvafinefoods.in\/wp-content\/uploads\/2025\/11\/Fueling-Your-Fitness-The-Best-Amrutva-Products-for-a-High-Protein-Diet-300x164.jpg\" class=\"attachment-medium size-medium wp-image-15191\" alt=\"Fueling Your Fitness: The Best Amrutva Products for a High-Protein Diet\" srcset=\"https:\/\/amrutvafinefoods.in\/wp-content\/uploads\/2025\/11\/Fueling-Your-Fitness-The-Best-Amrutva-Products-for-a-High-Protein-Diet-300x164.jpg 300w, https:\/\/amrutvafinefoods.in\/wp-content\/uploads\/2025\/11\/Fueling-Your-Fitness-The-Best-Amrutva-Products-for-a-High-Protein-Diet-1024x559.jpg 1024w, https:\/\/amrutvafinefoods.in\/wp-content\/uploads\/2025\/11\/Fueling-Your-Fitness-The-Best-Amrutva-Products-for-a-High-Protein-Diet-768x419.jpg 768w, https:\/\/amrutvafinefoods.in\/wp-content\/uploads\/2025\/11\/Fueling-Your-Fitness-The-Best-Amrutva-Products-for-a-High-Protein-Diet-1536x838.jpg 1536w, https:\/\/amrutvafinefoods.in\/wp-content\/uploads\/2025\/11\/Fueling-Your-Fitness-The-Best-Amrutva-Products-for-a-High-Protein-Diet-600x327.jpg 600w, https:\/\/amrutvafinefoods.in\/wp-content\/uploads\/2025\/11\/Fueling-Your-Fitness-The-Best-Amrutva-Products-for-a-High-Protein-Diet-64x35.jpg 64w, https:\/\/amrutvafinefoods.in\/wp-content\/uploads\/2025\/11\/Fueling-Your-Fitness-The-Best-Amrutva-Products-for-a-High-Protein-Diet.jpg 1980w\" sizes=\"(max-width: 300px) 100vw, 300px\" \/><\/div><\/a>\n\t\t\t\t<div class=\"elementor-post__badge\">Health<\/div>\n\t\t\t\t<div class=\"elementor-post__text\">\n\t\t\t\t<h3 class=\"elementor-post__title\">\n\t\t\t<a href=\"https:\/\/amrutvafinefoods.in\/?p=15190\" target=&quot;_blank&quot;>\n\t\t\t\tFueling Your Fitness: The Best Amrutva Products for a High-Protein Diet\t\t\t<\/a>\n\t\t<\/h3>\n\t\t\t\t\t<div class=\"elementor-post__read-more-wrapper\">\n\t\t\n\t\t<a class=\"elementor-post__read-more\" href=\"https:\/\/amrutvafinefoods.in\/?p=15190\" aria-label=\"Read more about Fueling Your Fitness: The Best Amrutva Products for a High-Protein Diet\" tabindex=\"-1\" target=\"_blank\">\n\t\t\tRead More \u00bb\t\t<\/a>\n\n\t\t\t\t\t<\/div>\n\t\t\t\t<\/div>\n\t\t\t\t\t<\/div>\n\t\t<\/article>\n\t\t\t\t<article class=\"elementor-post elementor-grid-item post-15187 post type-post status-publish format-standard has-post-thumbnail hentry category-health\">\n\t\t\t<div class=\"elementor-post__card\">\n\t\t\t\t<a class=\"elementor-post__thumbnail__link\" href=\"https:\/\/amrutvafinefoods.in\/?p=15187\" tabindex=\"-1\" target=\"_blank\"><div class=\"elementor-post__thumbnail\"><img loading=\"lazy\" decoding=\"async\" width=\"300\" height=\"169\" src=\"https:\/\/amrutvafinefoods.in\/wp-content\/uploads\/2025\/11\/Green-and-White-Simple-Illustrated-Organic-Healthy-Kitchen-Food-Presentation-300x169.jpg\" class=\"attachment-medium size-medium wp-image-15188\" alt=\"Simple Swaps For Healthier Kitchen: Cold-Pressed oils instead of Refined\" srcset=\"https:\/\/amrutvafinefoods.in\/wp-content\/uploads\/2025\/11\/Green-and-White-Simple-Illustrated-Organic-Healthy-Kitchen-Food-Presentation-300x169.jpg 300w, https:\/\/amrutvafinefoods.in\/wp-content\/uploads\/2025\/11\/Green-and-White-Simple-Illustrated-Organic-Healthy-Kitchen-Food-Presentation-1024x576.jpg 1024w, https:\/\/amrutvafinefoods.in\/wp-content\/uploads\/2025\/11\/Green-and-White-Simple-Illustrated-Organic-Healthy-Kitchen-Food-Presentation-768x432.jpg 768w, https:\/\/amrutvafinefoods.in\/wp-content\/uploads\/2025\/11\/Green-and-White-Simple-Illustrated-Organic-Healthy-Kitchen-Food-Presentation-1536x864.jpg 1536w, https:\/\/amrutvafinefoods.in\/wp-content\/uploads\/2025\/11\/Green-and-White-Simple-Illustrated-Organic-Healthy-Kitchen-Food-Presentation-600x338.jpg 600w, https:\/\/amrutvafinefoods.in\/wp-content\/uploads\/2025\/11\/Green-and-White-Simple-Illustrated-Organic-Healthy-Kitchen-Food-Presentation-64x36.jpg 64w, https:\/\/amrutvafinefoods.in\/wp-content\/uploads\/2025\/11\/Green-and-White-Simple-Illustrated-Organic-Healthy-Kitchen-Food-Presentation.jpg 1920w\" sizes=\"(max-width: 300px) 100vw, 300px\" \/><\/div><\/a>\n\t\t\t\t<div class=\"elementor-post__badge\">Health<\/div>\n\t\t\t\t<div class=\"elementor-post__text\">\n\t\t\t\t<h3 class=\"elementor-post__title\">\n\t\t\t<a href=\"https:\/\/amrutvafinefoods.in\/?p=15187\" target=&quot;_blank&quot;>\n\t\t\t\tSimple Swaps For Healthier Kitchen : Cold-Pressed oils instead of Refined\t\t\t<\/a>\n\t\t<\/h3>\n\t\t\t\t\t<div class=\"elementor-post__read-more-wrapper\">\n\t\t\n\t\t<a class=\"elementor-post__read-more\" href=\"https:\/\/amrutvafinefoods.in\/?p=15187\" aria-label=\"Read more about Simple Swaps For Healthier Kitchen : Cold-Pressed oils instead of Refined\" tabindex=\"-1\" target=\"_blank\">\n\t\t\tRead More \u00bb\t\t<\/a>\n\n\t\t\t\t\t<\/div>\n\t\t\t\t<\/div>\n\t\t\t\t\t<\/div>\n\t\t<\/article>\n\t\t\t\t<article class=\"elementor-post elementor-grid-item post-15184 post type-post status-publish format-standard has-post-thumbnail hentry category-health\">\n\t\t\t<div class=\"elementor-post__card\">\n\t\t\t\t<a class=\"elementor-post__thumbnail__link\" href=\"https:\/\/amrutvafinefoods.in\/?p=15184\" tabindex=\"-1\" target=\"_blank\"><div class=\"elementor-post__thumbnail\"><img loading=\"lazy\" decoding=\"async\" width=\"300\" height=\"164\" src=\"https:\/\/amrutvafinefoods.in\/wp-content\/uploads\/2025\/11\/Roasting-Your-own-seeds-VS-Amrutvas-roasted-seeds-300x164.jpg\" class=\"attachment-medium size-medium wp-image-15185\" alt=\"\" srcset=\"https:\/\/amrutvafinefoods.in\/wp-content\/uploads\/2025\/11\/Roasting-Your-own-seeds-VS-Amrutvas-roasted-seeds-300x164.jpg 300w, https:\/\/amrutvafinefoods.in\/wp-content\/uploads\/2025\/11\/Roasting-Your-own-seeds-VS-Amrutvas-roasted-seeds-1024x559.jpg 1024w, https:\/\/amrutvafinefoods.in\/wp-content\/uploads\/2025\/11\/Roasting-Your-own-seeds-VS-Amrutvas-roasted-seeds-768x419.jpg 768w, https:\/\/amrutvafinefoods.in\/wp-content\/uploads\/2025\/11\/Roasting-Your-own-seeds-VS-Amrutvas-roasted-seeds-1536x838.jpg 1536w, https:\/\/amrutvafinefoods.in\/wp-content\/uploads\/2025\/11\/Roasting-Your-own-seeds-VS-Amrutvas-roasted-seeds-600x327.jpg 600w, https:\/\/amrutvafinefoods.in\/wp-content\/uploads\/2025\/11\/Roasting-Your-own-seeds-VS-Amrutvas-roasted-seeds-64x35.jpg 64w, https:\/\/amrutvafinefoods.in\/wp-content\/uploads\/2025\/11\/Roasting-Your-own-seeds-VS-Amrutvas-roasted-seeds.jpg 1980w\" sizes=\"(max-width: 300px) 100vw, 300px\" \/><\/div><\/a>\n\t\t\t\t<div class=\"elementor-post__badge\">Health<\/div>\n\t\t\t\t<div class=\"elementor-post__text\">\n\t\t\t\t<h3 class=\"elementor-post__title\">\n\t\t\t<a href=\"https:\/\/amrutvafinefoods.in\/?p=15184\" target=&quot;_blank&quot;>\n\t\t\t\tRoasting Your own seeds VS Amrutvas roasted seeds\t\t\t<\/a>\n\t\t<\/h3>\n\t\t\t\t\t<div class=\"elementor-post__read-more-wrapper\">\n\t\t\n\t\t<a class=\"elementor-post__read-more\" href=\"https:\/\/amrutvafinefoods.in\/?p=15184\" aria-label=\"Read more about Roasting Your own seeds VS Amrutvas roasted seeds\" tabindex=\"-1\" target=\"_blank\">\n\t\t\tRead More \u00bb\t\t<\/a>\n\n\t\t\t\t\t<\/div>\n\t\t\t\t<\/div>\n\t\t\t\t\t<\/div>\n\t\t<\/article>\n\t\t\t\t<article class=\"elementor-post elementor-grid-item post-15181 post type-post status-publish format-standard has-post-thumbnail hentry category-health\">\n\t\t\t<div class=\"elementor-post__card\">\n\t\t\t\t<a class=\"elementor-post__thumbnail__link\" href=\"https:\/\/amrutvafinefoods.in\/?p=15181\" tabindex=\"-1\" target=\"_blank\"><div class=\"elementor-post__thumbnail\"><img loading=\"lazy\" decoding=\"async\" width=\"300\" height=\"169\" src=\"https:\/\/amrutvafinefoods.in\/wp-content\/uploads\/2025\/11\/The-Magic-of-Sesame-Seeds-300x169.jpg\" class=\"attachment-medium size-medium wp-image-15182\" alt=\"The Magic of Sesame Seeds\" srcset=\"https:\/\/amrutvafinefoods.in\/wp-content\/uploads\/2025\/11\/The-Magic-of-Sesame-Seeds-300x169.jpg 300w, https:\/\/amrutvafinefoods.in\/wp-content\/uploads\/2025\/11\/The-Magic-of-Sesame-Seeds-1024x576.jpg 1024w, https:\/\/amrutvafinefoods.in\/wp-content\/uploads\/2025\/11\/The-Magic-of-Sesame-Seeds-768x432.jpg 768w, https:\/\/amrutvafinefoods.in\/wp-content\/uploads\/2025\/11\/The-Magic-of-Sesame-Seeds-1536x864.jpg 1536w, https:\/\/amrutvafinefoods.in\/wp-content\/uploads\/2025\/11\/The-Magic-of-Sesame-Seeds-600x338.jpg 600w, https:\/\/amrutvafinefoods.in\/wp-content\/uploads\/2025\/11\/The-Magic-of-Sesame-Seeds-64x36.jpg 64w, https:\/\/amrutvafinefoods.in\/wp-content\/uploads\/2025\/11\/The-Magic-of-Sesame-Seeds.jpg 1920w\" sizes=\"(max-width: 300px) 100vw, 300px\" \/><\/div><\/a>\n\t\t\t\t<div class=\"elementor-post__badge\">Health<\/div>\n\t\t\t\t<div class=\"elementor-post__text\">\n\t\t\t\t<h3 class=\"elementor-post__title\">\n\t\t\t<a href=\"https:\/\/amrutvafinefoods.in\/?p=15181\" target=&quot;_blank&quot;>\n\t\t\t\tThe Magic of Sesame Seeds\t\t\t<\/a>\n\t\t<\/h3>\n\t\t\t\t\t<div class=\"elementor-post__read-more-wrapper\">\n\t\t\n\t\t<a class=\"elementor-post__read-more\" href=\"https:\/\/amrutvafinefoods.in\/?p=15181\" aria-label=\"Read more about The Magic of Sesame Seeds\" tabindex=\"-1\" target=\"_blank\">\n\t\t\tRead More \u00bb\t\t<\/a>\n\n\t\t\t\t\t<\/div>\n\t\t\t\t<\/div>\n\t\t\t\t\t<\/div>\n\t\t<\/article>\n\t\t\t\t<\/div>\n\t\t\t\t\t<span class=\"e-load-more-spinner\">\n\t\t\t\t<svg aria-hidden=\"true\" class=\"e-font-icon-svg e-fas-spinner\" viewBox=\"0 0 512 512\" xmlns=\"http:\/\/www.w3.org\/2000\/svg\"><path d=\"M304 48c0 26.51-21.49 48-48 48s-48-21.49-48-48 21.49-48 48-48 48 21.49 48 48zm-48 368c-26.51 0-48 21.49-48 48s21.49 48 48 48 48-21.49 48-48-21.49-48-48-48zm208-208c-26.51 0-48 21.49-48 48s21.49 48 48 48 48-21.49 48-48-21.49-48-48-48zM96 256c0-26.51-21.49-48-48-48S0 229.49 0 256s21.49 48 48 48 48-21.49 48-48zm12.922 99.078c-26.51 0-48 21.49-48 48s21.49 48 48 48 48-21.49 48-48c0-26.509-21.491-48-48-48zm294.156 0c-26.51 0-48 21.49-48 48s21.49 48 48 48 48-21.49 48-48c0-26.509-21.49-48-48-48zM108.922 60.922c-26.51 0-48 21.49-48 48s21.49 48 48 48 48-21.49 48-48-21.491-48-48-48z\"><\/path><\/svg>\t\t\t<\/span>\n\t\t\n\t\t\t\t<div class=\"e-load-more-anchor\" data-page=\"1\" data-max-page=\"7\" data-next-page=\"https:\/\/amrutvafinefoods.in\/index.php?rest_route=%2Fwp%2Fv2%2Fpages%2F11222&#038;paged=2\"><\/div>\n\t\t\t\t<div class=\"e-load-more-message\"><\/div>\n\t\t\t\t\t\t<\/div>\n\t\t\t\t<\/div>\n\t\t\t\t\t<\/div>\n\t\t<\/div>\n\t\t\t\t\t<\/div>\n\t\t<\/section>\n\t\t\t\t<\/div>\n\t\t","protected":false},"excerpt":{"rendered":"<p>Blogs<\/p>\n","protected":false},"author":1,"featured_media":0,"parent":0,"menu_order":0,"comment_status":"closed","ping_status":"closed","template":"elementor_header_footer","meta":{"_acf_changed":false,"site-sidebar-layout":"default","site-content-layout":"","ast-site-content-layout":"","site-content-style":"default","site-sidebar-style":"default","ast-global-header-display":"","ast-banner-title-visibility":"","ast-main-header-display":"","ast-hfb-above-header-display":"","ast-hfb-below-header-display":"","ast-hfb-mobile-header-display":"","site-post-title":"","ast-breadcrumbs-content":"","ast-featured-img":"","footer-sml-layout":"","theme-transparent-header-meta":"","adv-header-id-meta":"","stick-header-meta":"","header-above-stick-meta":"","header-main-stick-meta":"","header-below-stick-meta":"","astra-migrate-meta-layouts":"default","ast-page-background-enabled":"default","ast-page-background-meta":{"desktop":{"background-color":"var(--ast-global-color-4)","background-image":"","background-repeat":"repeat","background-position":"center center","background-size":"auto","background-attachment":"scroll","background-type":"","background-media":"","overlay-type":"","overlay-color":"","overlay-opacity":"","overlay-gradient":""},"tablet":{"background-color":"","background-image":"","background-repeat":"repeat","background-position":"center center","background-size":"auto","background-attachment":"scroll","background-type":"","background-media":"","overlay-type":"","overlay-color":"","overlay-opacity":"","overlay-gradient":""},"mobile":{"background-color":"","background-image":"","background-repeat":"repeat","background-position":"center center","background-size":"auto","background-attachment":"scroll","background-type":"","background-media":"","overlay-type":"","overlay-color":"","overlay-opacity":"","overlay-gradient":""}},"ast-content-background-meta":{"desktop":{"background-color":"var(--ast-global-color-5)","background-image":"","background-repeat":"repeat","background-position":"center center","background-size":"auto","background-attachment":"scroll","background-type":"","background-media":"","overlay-type":"","overlay-color":"","overlay-opacity":"","overlay-gradient":""},"tablet":{"background-color":"var(--ast-global-color-5)","background-image":"","background-repeat":"repeat","background-position":"center center","background-size":"auto","background-attachment":"scroll","background-type":"","background-media":"","overlay-type":"","overlay-color":"","overlay-opacity":"","overlay-gradient":""},"mobile":{"background-color":"var(--ast-global-color-5)","background-image":"","background-repeat":"repeat","background-position":"center center","background-size":"auto","background-attachment":"scroll","background-type":"","background-media":"","overlay-type":"","overlay-color":"","overlay-opacity":"","overlay-gradient":""}},"footnotes":""},"class_list":["post-11222","page","type-page","status-publish","hentry"],"acf":[],"_links":{"self":[{"href":"https:\/\/amrutvafinefoods.in\/index.php?rest_route=\/wp\/v2\/pages\/11222","targetHints":{"allow":["GET"]}}],"collection":[{"href":"https:\/\/amrutvafinefoods.in\/index.php?rest_route=\/wp\/v2\/pages"}],"about":[{"href":"https:\/\/amrutvafinefoods.in\/index.php?rest_route=\/wp\/v2\/types\/page"}],"author":[{"embeddable":true,"href":"https:\/\/amrutvafinefoods.in\/index.php?rest_route=\/wp\/v2\/users\/1"}],"replies":[{"embeddable":true,"href":"https:\/\/amrutvafinefoods.in\/index.php?rest_route=%2Fwp%2Fv2%2Fcomments&post=11222"}],"version-history":[{"count":44,"href":"https:\/\/amrutvafinefoods.in\/index.php?rest_route=\/wp\/v2\/pages\/11222\/revisions"}],"predecessor-version":[{"id":14720,"href":"https:\/\/amrutvafinefoods.in\/index.php?rest_route=\/wp\/v2\/pages\/11222\/revisions\/14720"}],"wp:attachment":[{"href":"https:\/\/amrutvafinefoods.in\/index.php?rest_route=%2Fwp%2Fv2%2Fmedia&parent=11222"}],"curies":[{"name":"wp","href":"https:\/\/api.w.org\/{rel}","templated":true}]}}