{"id":12296,"date":"2025-01-07T15:05:10","date_gmt":"2025-01-07T15:05:10","guid":{"rendered":"https:\/\/amrutvafinefoods.in\/?page_id=12296"},"modified":"2025-01-18T10:20:53","modified_gmt":"2025-01-18T10:20:53","slug":"our-story","status":"publish","type":"page","link":"https:\/\/amrutvafinefoods.in\/?page_id=12296","title":{"rendered":"Our Story"},"content":{"rendered":"\t\t<div data-elementor-type=\"wp-page\" data-elementor-id=\"12296\" class=\"elementor elementor-12296\" data-elementor-post-type=\"page\">\n\t\t\t\t\t\t<section class=\"elementor-section elementor-top-section elementor-element elementor-element-44b0dbf elementor-section-boxed elementor-section-height-default elementor-section-height-default\" data-id=\"44b0dbf\" data-element_type=\"section\" data-settings=\"{&quot;background_background&quot;:&quot;classic&quot;}\">\n\t\t\t\t\t\t<div class=\"elementor-container elementor-column-gap-default\">\n\t\t\t\t\t<div class=\"elementor-column elementor-col-100 elementor-top-column elementor-element elementor-element-5dd9750\" data-id=\"5dd9750\" data-element_type=\"column\">\n\t\t\t<div class=\"elementor-widget-wrap elementor-element-populated\">\n\t\t\t\t\t\t<div class=\"elementor-element elementor-element-d63e579 elementor-widget elementor-widget-heading\" data-id=\"d63e579\" data-element_type=\"widget\" data-widget_type=\"heading.default\">\n\t\t\t\t<div class=\"elementor-widget-container\">\n\t\t\t\t\t<h2 class=\"elementor-heading-title elementor-size-default\">\u201cCommitment to reliability<br>\n and excellence.\u201d<\/h2>\t\t\t\t<\/div>\n\t\t\t\t<\/div>\n\t\t\t\t<div class=\"elementor-element elementor-element-adbede4 elementor-widget elementor-widget-video\" data-id=\"adbede4\" data-element_type=\"widget\" data-settings=\"{&quot;video_type&quot;:&quot;hosted&quot;,&quot;autoplay&quot;:&quot;yes&quot;,&quot;mute&quot;:&quot;yes&quot;,&quot;controls&quot;:&quot;yes&quot;}\" data-widget_type=\"video.default\">\n\t\t\t\t<div class=\"elementor-widget-container\">\n\t\t\t\t\t\t\t<div class=\"e-hosted-video elementor-wrapper elementor-open-inline\">\n\t\t\t\t\t<video class=\"elementor-video\" src=\"https:\/\/amrutvafinefoods.in\/wp-content\/uploads\/2024\/07\/462553ac-fc95-47b4-8888-d27e303cfdad.mp4\" autoplay=\"\" controls=\"\" muted=\"muted\" controlsList=\"nodownload\"><\/video>\n\t\t\t\t<\/div>\n\t\t\t\t\t\t<\/div>\n\t\t\t\t<\/div>\n\t\t\t\t\t<\/div>\n\t\t<\/div>\n\t\t\t\t\t<\/div>\n\t\t<\/section>\n\t\t\t\t<section class=\"elementor-section elementor-top-section elementor-element elementor-element-7503242 about-us-sec elementor-section-boxed elementor-section-height-default elementor-section-height-default\" data-id=\"7503242\" data-element_type=\"section\" data-settings=\"{&quot;background_background&quot;:&quot;classic&quot;}\">\n\t\t\t\t\t\t<div class=\"elementor-container elementor-column-gap-default\">\n\t\t\t\t\t<div class=\"elementor-column elementor-col-100 elementor-top-column elementor-element elementor-element-f899808\" data-id=\"f899808\" data-element_type=\"column\">\n\t\t\t<div class=\"elementor-widget-wrap elementor-element-populated\">\n\t\t\t\t\t\t<div class=\"elementor-element elementor-element-d648f6b elementor-widget elementor-widget-heading\" data-id=\"d648f6b\" data-element_type=\"widget\" data-widget_type=\"heading.default\">\n\t\t\t\t<div class=\"elementor-widget-container\">\n\t\t\t\t\t<h2 class=\"elementor-heading-title elementor-size-default\">About Us<\/h2>\t\t\t\t<\/div>\n\t\t\t\t<\/div>\n\t\t\t\t<div class=\"elementor-element elementor-element-1c9fa46 elementor-widget elementor-widget-text-editor\" data-id=\"1c9fa46\" data-element_type=\"widget\" data-widget_type=\"text-editor.default\">\n\t\t\t\t<div class=\"elementor-widget-container\">\n\t\t\t\t\t\t\t\t\t<p>Amrutva Exports Pvt. Ltd. was established in 2002 by Mr. Alkesh Patel with an aim to cater global food market with high quality raw materials and ingredients.\u2028\u2028<\/p><p>Amrutva\u2019s further interest in processing and manufacturing high quality food products led to the foundation of AMRUTVA FINE FOODS LLP.\u2028\u2028<\/p><p>AMRUTVA FINE FOODS LLP. was established in 2014 by Mr. Alkesh Patel and Mr. Ankit Patel with an aim to deliver pure, honest, high quality food products and become an integral part of millions of kitchens around the globe.<\/p>\t\t\t\t\t\t\t\t<\/div>\n\t\t\t\t<\/div>\n\t\t\t\t\t<\/div>\n\t\t<\/div>\n\t\t\t\t\t<\/div>\n\t\t<\/section>\n\t\t\t\t<section class=\"elementor-section elementor-top-section elementor-element elementor-element-19d368a elementor-section-boxed elementor-section-height-default elementor-section-height-default\" data-id=\"19d368a\" data-element_type=\"section\" data-settings=\"{&quot;background_background&quot;:&quot;classic&quot;}\">\n\t\t\t\t\t\t<div class=\"elementor-container elementor-column-gap-wide\">\n\t\t\t\t\t<div class=\"elementor-column elementor-col-50 elementor-top-column elementor-element elementor-element-615c605\" data-id=\"615c605\" data-element_type=\"column\">\n\t\t\t<div class=\"elementor-widget-wrap elementor-element-populated\">\n\t\t\t\t\t\t<div class=\"elementor-element elementor-element-e7c2573 elementor-widget elementor-widget-image-box\" data-id=\"e7c2573\" data-element_type=\"widget\" data-widget_type=\"image-box.default\">\n\t\t\t\t<div class=\"elementor-widget-container\">\n\t\t\t\t\t<div class=\"elementor-image-box-wrapper\"><div class=\"elementor-image-box-content\"><h3 class=\"elementor-image-box-title\">Our Mission<\/h3><p class=\"elementor-image-box-description\">To help our consumers lead healthier, more meaningful lives through our premium agri-food offerings. Through sustainably sourced ingredients and time-honored traditions, we nourish body and soul.<\/p><\/div><\/div>\t\t\t\t<\/div>\n\t\t\t\t<\/div>\n\t\t\t\t\t<\/div>\n\t\t<\/div>\n\t\t\t\t<div class=\"elementor-column elementor-col-50 elementor-top-column elementor-element elementor-element-8d858a1\" data-id=\"8d858a1\" data-element_type=\"column\" data-settings=\"{&quot;background_background&quot;:&quot;classic&quot;}\">\n\t\t\t<div class=\"elementor-widget-wrap elementor-element-populated\">\n\t\t\t\t\t\t<div class=\"elementor-element elementor-element-130ccef elementor-widget elementor-widget-image-box\" data-id=\"130ccef\" data-element_type=\"widget\" data-widget_type=\"image-box.default\">\n\t\t\t\t<div class=\"elementor-widget-container\">\n\t\t\t\t\t<div class=\"elementor-image-box-wrapper\"><div class=\"elementor-image-box-content\"><h3 class=\"elementor-image-box-title\">Our Vision<\/h3><p class=\"elementor-image-box-description\">To be the leading provider of healthy, pure, and nutritious premium foods. Guided by our values of quality and authenticity, we strive to add value for both our consumers and the farmers.<\/p><\/div><\/div>\t\t\t\t<\/div>\n\t\t\t\t<\/div>\n\t\t\t\t\t<\/div>\n\t\t<\/div>\n\t\t\t\t\t<\/div>\n\t\t<\/section>\n\t\t\t\t<\/div>\n\t\t","protected":false},"excerpt":{"rendered":"<p>\u00d4\u00c7\u00a3Commitment to reliability and excellence.\u00d4\u00c7\u00d8 https:\/\/amrutvafinefoods.in\/wp-content\/uploads\/2024\/07\/462553ac-fc95-47b4-8888-d27e303cfdad.mp4 About Us Amrutva Exports Pvt. Ltd. was established in 2002 by Mr. Alkesh Patel with an aim to cater global food market with high quality raw materials and ingredients.\u00d4\u00c7\u00bf\u00d4\u00c7\u00bf Amrutva\u00d4\u00c7\u00d6s further interest in processing and manufacturing high quality food products led to the foundation of AMRUTVA FINE FOODS LLP.\u00d4\u00c7\u00bf\u00d4\u00c7\u00bf [&hellip;]<\/p>\n","protected":false},"author":1,"featured_media":0,"parent":0,"menu_order":0,"comment_status":"closed","ping_status":"closed","template":"elementor_header_footer","meta":{"_acf_changed":false,"site-sidebar-layout":"default","site-content-layout":"","ast-site-content-layout":"","site-content-style":"default","site-sidebar-style":"default","ast-global-header-display":"","ast-banner-title-visibility":"","ast-main-header-display":"","ast-hfb-above-header-display":"","ast-hfb-below-header-display":"","ast-hfb-mobile-header-display":"","site-post-title":"","ast-breadcrumbs-content":"","ast-featured-img":"","footer-sml-layout":"","theme-transparent-header-meta":"","adv-header-id-meta":"","stick-header-meta":"","header-above-stick-meta":"","header-main-stick-meta":"","header-below-stick-meta":"","astra-migrate-meta-layouts":"default","ast-page-background-enabled":"default","ast-page-background-meta":{"desktop":{"background-color":"var(--ast-global-color-4)","background-image":"","background-repeat":"repeat","background-position":"center center","background-size":"auto","background-attachment":"scroll","background-type":"","background-media":"","overlay-type":"","overlay-color":"","overlay-opacity":"","overlay-gradient":""},"tablet":{"background-color":"","background-image":"","background-repeat":"repeat","background-position":"center center","background-size":"auto","background-attachment":"scroll","background-type":"","background-media":"","overlay-type":"","overlay-color":"","overlay-opacity":"","overlay-gradient":""},"mobile":{"background-color":"","background-image":"","background-repeat":"repeat","background-position":"center center","background-size":"auto","background-attachment":"scroll","background-type":"","background-media":"","overlay-type":"","overlay-color":"","overlay-opacity":"","overlay-gradient":""}},"ast-content-background-meta":{"desktop":{"background-color":"var(--ast-global-color-5)","background-image":"","background-repeat":"repeat","background-position":"center center","background-size":"auto","background-attachment":"scroll","background-type":"","background-media":"","overlay-type":"","overlay-color":"","overlay-opacity":"","overlay-gradient":""},"tablet":{"background-color":"var(--ast-global-color-5)","background-image":"","background-repeat":"repeat","background-position":"center center","background-size":"auto","background-attachment":"scroll","background-type":"","background-media":"","overlay-type":"","overlay-color":"","overlay-opacity":"","overlay-gradient":""},"mobile":{"background-color":"var(--ast-global-color-5)","background-image":"","background-repeat":"repeat","background-position":"center center","background-size":"auto","background-attachment":"scroll","background-type":"","background-media":"","overlay-type":"","overlay-color":"","overlay-opacity":"","overlay-gradient":""}},"footnotes":""},"class_list":["post-12296","page","type-page","status-publish","hentry"],"acf":[],"_links":{"self":[{"href":"https:\/\/amrutvafinefoods.in\/index.php?rest_route=\/wp\/v2\/pages\/12296","targetHints":{"allow":["GET"]}}],"collection":[{"href":"https:\/\/amrutvafinefoods.in\/index.php?rest_route=\/wp\/v2\/pages"}],"about":[{"href":"https:\/\/amrutvafinefoods.in\/index.php?rest_route=\/wp\/v2\/types\/page"}],"author":[{"embeddable":true,"href":"https:\/\/amrutvafinefoods.in\/index.php?rest_route=\/wp\/v2\/users\/1"}],"replies":[{"embeddable":true,"href":"https:\/\/amrutvafinefoods.in\/index.php?rest_route=%2Fwp%2Fv2%2Fcomments&post=12296"}],"version-history":[{"count":4,"href":"https:\/\/amrutvafinefoods.in\/index.php?rest_route=\/wp\/v2\/pages\/12296\/revisions"}],"predecessor-version":[{"id":13703,"href":"https:\/\/amrutvafinefoods.in\/index.php?rest_route=\/wp\/v2\/pages\/12296\/revisions\/13703"}],"wp:attachment":[{"href":"https:\/\/amrutvafinefoods.in\/index.php?rest_route=%2Fwp%2Fv2%2Fmedia&parent=12296"}],"curies":[{"name":"wp","href":"https:\/\/api.w.org\/{rel}","templated":true}]}}